{"id":712,"date":"2020-02-26T09:00:40","date_gmt":"2020-02-26T09:00:40","guid":{"rendered":"http:\/\/dremden-worpswede.de\/?page_id=712"},"modified":"2025-12-14T18:11:38","modified_gmt":"2025-12-14T18:11:38","slug":"impressum","status":"publish","type":"page","link":"https:\/\/dremden.de\/?page_id=712","title":{"rendered":"Impressum"},"content":{"rendered":"\n<h4 class=\"wp-block-heading\">Impressum<\/h4>\n\n\n\n<p><\/p>\n\n\n\n<p><strong>Verantwortlich f\u00fcr den Inhalt dieser Internetpr\u00e4senz:<\/strong><\/p>\n\n\n\n<p>Dr. med. Jan Christoph Emden<br>Udo-Peters-Weg 6\u00a027726 Worpswede\u00a0<\/p>\n\n\n\n<p>Gesetzliche Berufsbezeichnung: Arzt  Verliehen in Niedersachsen<\/p>\n\n\n\n<p><\/p>\n\n\n\n<p><a href=\"http:\/\/www.dremden.de\">http:\/\/www.dremden.de<\/a><br><a href=\"mailto:dremden@t-online.de\">info@dremden.de<\/a><br>fon: +49 (0)4792 3114540<br>kim: praxisdremden@kv.dox.kim.telematik<\/p>\n\n\n\n<p><\/p>\n\n\n\n<p> <\/p>\n\n\n\n<p><strong>Zust\u00e4ndige Aufsichtsbeh\u00f6rde f\u00fcr die vertrags\u00e4rztliche Versorgung:&nbsp;<\/strong>&nbsp;<\/p>\n\n\n\n<p>Kassen\u00e4rztliche Vereinigung Niedersachsen<br>KVN K\u00f6rperschaft des \u00f6ffentlichen Rechts<br>Berliner Allee 22, 30175 Hannover <br>tel: +49 (0) 511 &#8211; 380 03 <br>fax: +49 (0) 511 &#8211; 380 3491 <br>email:&nbsp;&nbsp;<a href=\"mailto:info@kvn.de?subject=\">info@kvn.de<\/a><\/p>\n\n\n\n<p> <\/p>\n\n\n\n<p><strong>Zust\u00e4ndige Kammer f\u00fcr Berufsaufsicht und berufsrechtliche Regelungen:<\/strong><\/p>\n\n\n\n<p>\u00c4rztekammer Niedersachsen <br>K\u00f6rperschaft des \u00f6ffentlichen Rechts <br>Berliner Allee 20, 30175 Hannover <br>tel: +49 (0) 511\/380-02 <br>fax: +49&nbsp; (0) 511-380-2240 <br>email:&nbsp;&nbsp;<a href=\"mailto:info@aekn.de?subject=\">info@aekn.de<\/a>&nbsp;&nbsp;<br>web:&nbsp;&nbsp;<a rel=\"noreferrer noopener\" href=\"http:\/\/www.aekn.de\/\" target=\"_blank\">http:\/\/www.aekn.de<\/a>&nbsp;&nbsp;&nbsp;&nbsp;<\/p>\n\n\n\n<p> <\/p>\n\n\n\n<p><\/p>\n\n\n\n<p><strong>Urheber- und Kennzeichenrecht:<\/strong><\/p>\n\n\n\n<p>Der Autor dieser Internetseite ist bestrebt, auf lizenzfreie Grafiken, Tondokumente, Videosequenzen und Texte zur\u00fcckzugreifen.<\/p>\n\n\n\n<p>Im Falle verwendeter urheberrechtlich gesch\u00fctzter Dokumente (Grafiken, Tondokumente, Videosequenzen, Texte) verpflichtet sich<\/p>\n\n\n\n<p> der Autor, diese als solche kenntlich zu machen und die geltenden Copyrightbestimmungen nicht zu verletzen.<\/p>\n\n\n\n<p>Das Copyright f\u00fcr s\u00e4mtliche vom Autor selbst erstellte Objekte (Grafiken, Tondokumente, Videosequenzen, Texte) bleibt allein beim Autor dieser Seiten. Eine Verwendung oder Vervielf\u00e4ltigung dieser Medien durch Dritte in elektronischen, gedruckten oder sonstigen Medien ist ohne ausdr\u00fcckliche Erlaubnis des Autors nicht gestattet. Alle innerhalb des Internetangebotes genannten Marken- und Warenzeichen unterliegen uneingeschr\u00e4nkt den Bestimmungen des jeweils g\u00fcltigen Kennzeichenrechts und den Besitzrechten der jeweiligen eingetragenen Eigent\u00fcmer.<\/p>\n\n\n\n<p> <\/p>\n\n\n\n<p><strong>Wichtig:<\/strong><\/p>\n\n\n\n<p>Eine medizinische Beratung per Email kann nicht erfolgen. Die in unserer Praxis eingehenden Emails werden vertraulich und nach den \u00e4rztlichen Grunds\u00e4tzen der Schweigepflicht behandelt.<\/p>\n\n\n\n<p>Angaben zur Behandlung oder&nbsp;Diagnostik auf dieser Internetseite wurden unter gro\u00dfer Sorgfalt erstellt.<\/p>\n\n\n\n<p>Die Internetseite dient der Information unserer Patientinnen und Patienten.&nbsp;<\/p>\n\n\n\n<p>Es wird keine kommerzielle Werbung betrieben.<\/p>\n\n\n\n<p>Es gibt keine Sponsoren.<\/p>\n\n\n\n<p><\/p>\n","protected":false},"excerpt":{"rendered":"<p>Impressum Verantwortlich f\u00fcr den Inhalt dieser Internetpr\u00e4senz: Dr. med. Jan Christoph EmdenUdo-Peters-Weg 6\u00a027726 Worpswede\u00a0 Gesetzliche Berufsbezeichnung: Arzt Verliehen in Niedersachsen http:\/\/www.dremden.deinfo@dremden.defon: +49 (0)4792 3114540kim: praxisdremden@kv.dox.kim.telematik Zust\u00e4ndige Aufsichtsbeh\u00f6rde f\u00fcr die vertrags\u00e4rztliche Versorgung:&nbsp;&nbsp; Kassen\u00e4rztliche Vereinigung NiedersachsenKVN K\u00f6rperschaft des \u00f6ffentlichen RechtsBerliner Allee 22, 30175 Hannover tel: +49 (0) 511 &#8211; 380 03 fax: +49 (0) 511 &#8211; 380&hellip;<\/p>\n","protected":false},"author":1,"featured_media":0,"parent":0,"menu_order":0,"comment_status":"closed","ping_status":"closed","template":"","meta":{"footnotes":""},"class_list":["post-712","page","type-page","status-publish","hentry","description-off"],"_links":{"self":[{"href":"https:\/\/dremden.de\/index.php?rest_route=\/wp\/v2\/pages\/712","targetHints":{"allow":["GET"]}}],"collection":[{"href":"https:\/\/dremden.de\/index.php?rest_route=\/wp\/v2\/pages"}],"about":[{"href":"https:\/\/dremden.de\/index.php?rest_route=\/wp\/v2\/types\/page"}],"author":[{"embeddable":true,"href":"https:\/\/dremden.de\/index.php?rest_route=\/wp\/v2\/users\/1"}],"replies":[{"embeddable":true,"href":"https:\/\/dremden.de\/index.php?rest_route=%2Fwp%2Fv2%2Fcomments&post=712"}],"version-history":[{"count":11,"href":"https:\/\/dremden.de\/index.php?rest_route=\/wp\/v2\/pages\/712\/revisions"}],"predecessor-version":[{"id":1735,"href":"https:\/\/dremden.de\/index.php?rest_route=\/wp\/v2\/pages\/712\/revisions\/1735"}],"wp:attachment":[{"href":"https:\/\/dremden.de\/index.php?rest_route=%2Fwp%2Fv2%2Fmedia&parent=712"}],"curies":[{"name":"wp","href":"https:\/\/api.w.org\/{rel}","templated":true}]}}