{"id":714,"date":"2020-02-26T09:02:52","date_gmt":"2020-02-26T09:02:52","guid":{"rendered":"http:\/\/dremden-worpswede.de\/?page_id=714"},"modified":"2025-12-14T17:52:49","modified_gmt":"2025-12-14T17:52:49","slug":"datenschutz","status":"publish","type":"page","link":"https:\/\/dremden.de\/?page_id=714","title":{"rendered":"Datenschutz"},"content":{"rendered":"\n<h4 class=\"wp-block-heading\">Datenschutzerkl\u00e4rung<\/h4>\n\n\n\n<p><strong>1. Name und Kontaktdaten des f\u00fcr die Verarbeitung Verantwortlichen sowie des betrieblichen Datenschutzbeauftragten<\/strong><\/p>\n\n\n\n<p><strong>Verantwortlicher:<\/strong><\/p>\n\n\n\n<p>Name \/ Bezeichnung\u00a0der verantwortlichen Stelle: <br>Praxis Dr. Jan C. Emden<br>Stra\u00dfe: Udo-Peters-Weg 6<br>PLZ\/ Ort: 27726 Worpswede<br>Telefon: 04792 \/ 3114540<br><br>E-Mail-Adresse:\u00a0info@dremden.de<\/p>\n\n\n\n<p><strong>2. Erhebung und Speicherung personenbezogener Daten sowie Art und Zweck von deren Verwendung&nbsp;<\/strong><\/p>\n\n\n\n<p>a) Beim Besuch der Website<\/p>\n\n\n\n<p>Beim Aufrufen unserer Website\u00a0<a href=\"mailto:dremden@t-online.de\"><strong>info@dremden.de <\/strong><\/a>werden durch den auf Ihrem Endger\u00e4t zum Einsatz kommenden Browser automatisch Informationen an den Server unserer Website gesendet. Diese Informationen werden tempor\u00e4r in einem sog. Logfile gespeichert.<\/p>\n\n\n\n<p>Folgende Informationen werden dabei ohne Ihr Zustimmen erfasst und bis zur automatisierten L\u00f6schung gespeichert:<\/p>\n\n\n\n<p>&#8211; IP-Adresse des anfragenden Rechners<\/p>\n\n\n\n<p>&#8211; Datum und Uhrzeit des Zugriffs<\/p>\n\n\n\n<p>&#8211; Name und URL der abgerufenen Datei<\/p>\n\n\n\n<p>&#8211; Website, von der aus der Zugriff erfolgt (Referrer-URL)<\/p>\n\n\n\n<p>&#8211; verwendeter Browser und ggf. das Betriebssystem Ihres Rechners sowie der Name Ihres<\/p>\n\n\n\n<p>&nbsp;&nbsp;Access-Providers&nbsp;<\/p>\n\n\n\n<p>Die genannten Daten werden durch uns zu folgenden Zwecken verarbeitet:<\/p>\n\n\n\n<p>&#8211;&nbsp;Gew\u00e4hrleistung eines reibungslosen Verbindungsaufbaus der Website<\/p>\n\n\n\n<p>&#8211; Gew\u00e4hrleistung einer komfortablen Nutzung unserer Website<\/p>\n\n\n\n<p>&#8211; Auswertung der Systemsicherheit und -stabilit\u00e4t sowie zu weiteren administrativen<\/p>\n\n\n\n<p>&nbsp; Zwecken&nbsp;<\/p>\n\n\n\n<p>Die Rechtsgrundlage f\u00fcr die Datenverarbeitung ist Art. 6 Abs. 1 S. 1 lit. f DSGVO.<\/p>\n\n\n\n<p>Unser berechtigtes Interesse folgt aus oben aufgelisteten Zwecken zur Datenerhebung.&nbsp;<\/p>\n\n\n\n<p>In keinem Fall verwenden wir die erhobenen Daten zu dem Zweck, R\u00fcckschl\u00fcsse auf Ihre Person zu ziehen.<\/p>\n\n\n\n<p>Dar\u00fcber hinaus setzen wir beim Besuch unserer Website Cookies ein. N\u00e4here Erl\u00e4uterungen dazu erhalten Sie unter Ziff. 4 dieser <\/p>\n\n\n\n<p>Datenschutzerkl\u00e4rung.<\/p>\n\n\n\n<p>b) Bei Nutzung unseres Kontaktformulars<\/p>\n\n\n\n<p>Bei Fragen jeglicher Art bieten wir Ihnen die M\u00f6glichkeit, mit uns \u00fcber ein auf der Website bereitgestelltes Formular Kontakt aufzunehmen.<\/p>\n\n\n\n<p>Dabei ist die Angabe einer g\u00fcltigen E-Mail-Adresse erforderlich, damit wir wissen, von wem die Anfrage stammt und um dieses beantworten zu k\u00f6nnen. Weitere Angaben k\u00f6nnen freiwillig get\u00e4tigt werden.<\/p>\n\n\n\n<p>Die Datenverarbeitung zum Zwecke der Kontaktaufnahme mit uns erfolgt nach Art. 6 Abs. 1 S. 1 lit. a DSGVO auf Grundlage Ihrer freiwillig erteilten Einwilligung.<\/p>\n\n\n\n<p>Die f\u00fcr die Benutzung des Kontaktformulars von uns erhobenen personenbezogenen Daten werden nach Erledigung der von Ihnen gestellten Anfrage automatisch gel\u00f6scht.<\/p>\n\n\n\n<p><strong>3. Weitergabe von Daten<\/strong><\/p>\n\n\n\n<p>Eine \u00dcbermittlung Ihrer pers\u00f6nlichen Daten an Dritte zu anderen als den im Folgenden aufgef\u00fchrten Zwecken findet nicht statt.<\/p>\n\n\n\n<p>Wir geben Ihre pers\u00f6nlichen Daten nur an Dritte weiter, wenn:<\/p>\n\n\n\n<p>&#8211;&nbsp;Sie Ihre nach Art. 6 Abs.1 S. 1 lit. a DSGVO ausdr\u00fcckliche Einwilligung dazu&nbsp;&nbsp;erteilt haben<\/p>\n\n\n\n<p>&#8211; Die Weitergabe nach Art. 6 Abs. 1 S. 1 lit. f DSGVO zur Geltendmachung,&nbsp;&nbsp;Aus\u00fcbung oder Verteidigung von Rechtsanspr\u00fcchen erforderlich ist und kein&nbsp;&nbsp;Grund zur Annahme besteht, dass Sie ein \u00fcberwiegendes schutzw\u00fcrdiges&nbsp;&nbsp;Interesse an der Nichtweitergabe Ihrer Daten haben<\/p>\n\n\n\n<p>&#8211; F\u00fcr den Fall, dass f\u00fcr die Weitergabe nach Art. 6 Abs. 1 S. 1 lit. c DSGVO eine&nbsp;&nbsp;gesetzliche Verpflichtung besteht, sowie<\/p>\n\n\n\n<p>&#8211; dies gesetzlich zul\u00e4ssig und nach Art. 6 Abs. 1 S. 1 lit. b DSGVO f\u00fcr die&nbsp;&nbsp;Abwicklung von Vertragsverh\u00e4ltnissen mit Ihnen erforderlich ist&nbsp;<\/p>\n\n\n\n<p><strong>4. Cookies<\/strong><\/p>\n\n\n\n<p>Wir setzen auf unserer Seite Cookies ein. Hierbei handelt es sich um kleine Dateien, die Ihr Browser automatisch erstellt und die auf Ihrem Endger\u00e4t (Laptop, Tablet, Smartphone o.\u00e4.) gespeichert werden, wenn Sie unsere Seite besuchen. Cookies richten auf Ihrem Endger\u00e4t keinen Schaden an, enthalten keine Viren, Trojaner oder sonstige Schadsoftware.<\/p>\n\n\n\n<p>In dem Cookie werden Informationen abgelegt, die sich jeweils im Zusammenhang mit dem spezifisch eingesetzten Endger\u00e4t ergeben.<\/p>\n\n\n\n<p>Dies bedeutet jedoch nicht, dass wir dadurch unmittelbar Kenntnis von Ihrer Identit\u00e4t erhalten.<\/p>\n\n\n\n<p>Die durch Cookies verarbeiteten Daten sind f\u00fcr die genannten Zwecke zur Wahrung unserer berechtigten Interessen sowie der Dritter nach Art. 6 Abs. 1 S. 1 lit. f DSGVO erforderlich.<\/p>\n\n\n\n<p>Die meisten Browser akzeptieren Cookies automatisch. Sie k\u00f6nnen Ihren Browser jedoch so konfigurieren, dass keine Cookies auf Ihrem Computer gespeichert werden oder stets ein Hinweis erscheint, bevor ein neuer Cookie angelegt wird. Die vollst\u00e4ndige Deaktivierung von Cookies kann jedoch dazu f\u00fchren, dass Sie nicht alle Funktionen unserer Website nutzen k\u00f6nnen.<\/p>\n\n\n\n<p><strong>5. Betroffenenrechte<\/strong><\/p>\n\n\n\n<p>Sie haben das Recht:<\/p>\n\n\n\n<p><em>&#8211; gem\u00e4\u00df Art. 15 DSGVO Auskunft \u00fcber Ihre von uns verarbeiteten&nbsp;&nbsp;personenbezogenen Daten zu verlangen.&nbsp;&nbsp;Insbesondere k\u00f6nnen Sie Auskunft \u00fcber die Verarbeitungszwecke, der&nbsp;&nbsp;Kategorie der personenbezogenen Daten, die Kategorien von Empf\u00e4ngern,&nbsp;&nbsp;gegen\u00fcber denen Ihre Daten offengelegt wurden oder werden, die geplante&nbsp;&nbsp;Speicherdauer, das Bestehen eines Rechts auf Berichtigung, L\u00f6schung,&nbsp;&nbsp;Einschr\u00e4nkung der Verarbeitung oder Widerspruch, das Bestehen eines&nbsp;&nbsp;Beschwerderechts, die Herkunft ihrer Daten, sofern&nbsp;&nbsp;diese nicht bei uns&nbsp;&nbsp;erhoben wurden, sowie das Bestehen einer automatischen&nbsp;&nbsp;Entscheidungsfindung einschlie\u00dflich Profilierung und ggf. aussagekr\u00e4ftigen&nbsp;&nbsp;Informationen zu deren Einzelheiten verlangen<\/em><\/p>\n\n\n\n<p><em>&#8211; gem\u00e4\u00df Art. 16 DSGVO unverz\u00fcglich die Berichtigung unrichtiger oder&nbsp;&nbsp;Vervollst\u00e4ndigung Ihrer bei uns gespeicherten personenbezogenen Daten zu&nbsp;&nbsp;verlangen<\/em><\/p>\n\n\n\n<p><em>&#8211; gem\u00e4\u00df Art. 17 DSGVO die L\u00f6schung Ihrer bei uns gespeicherten&nbsp;&nbsp;personenbezogenen Daten zu verlangen, soweit nicht die Verarbeitung zur&nbsp;&nbsp;Aus\u00fcbung des Rechts auf freie Meinungs\u00e4u\u00dferung und Information, zur&nbsp;&nbsp;Erf\u00fcllung einer rechtlichen Verpflichtung, aus Gr\u00fcnden des \u00f6ffentlichen&nbsp;&nbsp;Interesses oder zur Geltendmachung, Aus\u00fcbung oder Verteidigung von&nbsp;&nbsp;Rechtsanspr\u00fcchen erforderlich ist<\/em><\/p>\n\n\n\n<p><em>&#8211; gem\u00e4\u00df Art. 18 DSGVO die Einschr\u00e4nkung der Verarbeitung Ihrer&nbsp;&nbsp;personenbezogenen Daten zu verlangen, soweit die Richtigkeit der Daten von&nbsp;&nbsp;Ihnen bestritten wird, die Verarbeitung unrechtm\u00e4\u00dfig ist, Sie aber deren&nbsp;&nbsp;L\u00f6schung ablehnen und wir die Daten nicht mehr ben\u00f6tigen, Sie jedoch diese&nbsp;&nbsp;zur Geltendmachung, Aus\u00fcbung oder Verteidigung von Rechtsanspr\u00fcchen&nbsp;&nbsp;ben\u00f6tigen oder Sie gem\u00e4\u00df Art. 21 DSGVO Widerspruch gegen die&nbsp;&nbsp;Verarbeitung eingelegt haben<\/em><\/p>\n\n\n\n<p><em>&#8211; gem\u00e4\u00df Art. 20 DSGVO Ihre personenbezogenen Daten, die Sie uns&nbsp;&nbsp;bereitgestellt haben, in einem strukturierten, g\u00e4ngigen und&nbsp;&nbsp;maschinenlesebaren Format zu erhalten oder die \u00dcbermittlung an einen&nbsp;&nbsp;anderen Verantwortlichen zu verlangen<\/em><\/p>\n\n\n\n<p><em>&#8211; gem\u00e4\u00df Art. 7 Abs. 3 DSGVO Ihre einmal erteilte Einwilligung jederzeit&nbsp;&nbsp;gegen\u00fcber uns zu widerrufen. Dies hat zur Folge, dass wir die&nbsp;&nbsp;Datenverarbeitung, die auf dieser&nbsp;&nbsp;&nbsp;Einwilligung beruhte, f\u00fcr die Zukunft nicht mehr fortf\u00fchren d\u00fcrfen und<\/em><\/p>\n\n\n\n<p><em>&#8211; gem\u00e4\u00df Art. 77 DSGVO sich bei einer Aufsichtsbeh\u00f6rde zu beschweren. In der&nbsp;&nbsp;Regel&nbsp;&nbsp;k\u00f6nnen Sie sich hierf\u00fcr an die Aufsichtsbeh\u00f6rde Ihres \u00fcblichen&nbsp;&nbsp;Aufenthaltsortes oder Arbeitsplatzes oder unseres Praxissitzes wenden.<\/em><\/p>\n\n\n\n<p><strong>6. Widerspruchsrecht<\/strong><\/p>\n\n\n\n<p>Sofern Ihre personenbezogenen Daten auf Grundlage von berechtigten Interessen gem\u00e4\u00df Art. 6 Abs. 1 S. 1 lit. f DSGVO verarbeitet werden, haben Sie das Recht, gem\u00e4\u00df Art. 21 DSGVO Widerspruch gegen die Verarbeitung Ihrer personenbezogenen Daten einzulegen, soweit daf\u00fcr Gr\u00fcnde vorliegen, die sich aus Ihrer besonderen Situation ergeben oder sich der Widerspruch gegen Direktwerbung richtet. Im letzteren Fall haben Sie ein generelles Widerspruchsrecht, das ohne Angabe einer besonderen Situation von uns umgesetzt wird.<\/p>\n\n\n\n<p>M\u00f6chten Sie von Ihrem Widerrufs- oder Widerspruchsrecht Gebrauch machen, gen\u00fcgt eine E-Mail an\u00a0info@dremden.de.<\/p>\n\n\n\n<p><strong>7. Datensicherheit<\/strong><\/p>\n\n\n\n<p>Wir verwenden innerhalb des Website-Besuchs das verbreitete SSL-Verfahren (Secure Socket Layer) in Verbindung mit der jeweils h\u00f6chsten Verschl\u00fcsselungsstufe, die von Ihrem Browser unterst\u00fctzt wird. In der Regel handelt es sich dabei um eine 256 Bit Verschl\u00fcsselung. Falls Ihr Browser keine 256 Bit Verschl\u00fcsselung unterst\u00fctzt, greifen wir stattdessen auf 128 Bit v3 Technologie zur\u00fcck. Ob eine einzelne Seite unseres Internetauftrittes verschl\u00fcsselt \u00fcbertragen wird, erkennen Sie an der geschlossenen Darstellung des Schl\u00fcssel- bzw. Schloss-Symbols in der unteren Statusleiste Ihres Browsers. Wir bedienen uns im \u00dcbrigen geeigneter technischer und organisatorischer Sicherheitsma\u00dfnahmen, um Ihre Daten gegen zuf\u00e4llige oder vors\u00e4tzliche Manipulationen, teilweisen oder vollst\u00e4ndigen Verlust, Zerst\u00f6rung oder gegen den unbefugten Zugriff Dritter zu sch\u00fctzen. Unsere Sicherheitsma\u00dfnahmen werden entsprechend der technologischen Entwicklung fortlaufend verbessert.<\/p>\n\n\n\n<p><strong>8. Aktualit\u00e4t und \u00c4nderung dieser Datenschutzerkl\u00e4rung \u00a0<\/strong><\/p>\n\n\n\n<p>Diese Datenschutzerkl\u00e4rung ist aktuell g\u00fcltig und hat den Stand Januar 2026<\/p>\n","protected":false},"excerpt":{"rendered":"<p>Datenschutzerkl\u00e4rung 1. Name und Kontaktdaten des f\u00fcr die Verarbeitung Verantwortlichen sowie des betrieblichen Datenschutzbeauftragten Verantwortlicher: Name \/ Bezeichnung\u00a0der verantwortlichen Stelle: Praxis Dr. Jan C. EmdenStra\u00dfe: Udo-Peters-Weg 6PLZ\/ Ort: 27726 WorpswedeTelefon: 04792 \/ 3114540 E-Mail-Adresse:\u00a0info@dremden.de 2. Erhebung und Speicherung personenbezogener Daten sowie Art und Zweck von deren Verwendung&nbsp; a) Beim Besuch der Website Beim Aufrufen unserer&hellip;<\/p>\n","protected":false},"author":1,"featured_media":0,"parent":0,"menu_order":0,"comment_status":"closed","ping_status":"closed","template":"","meta":{"footnotes":""},"class_list":["post-714","page","type-page","status-publish","hentry","description-off"],"_links":{"self":[{"href":"https:\/\/dremden.de\/index.php?rest_route=\/wp\/v2\/pages\/714","targetHints":{"allow":["GET"]}}],"collection":[{"href":"https:\/\/dremden.de\/index.php?rest_route=\/wp\/v2\/pages"}],"about":[{"href":"https:\/\/dremden.de\/index.php?rest_route=\/wp\/v2\/types\/page"}],"author":[{"embeddable":true,"href":"https:\/\/dremden.de\/index.php?rest_route=\/wp\/v2\/users\/1"}],"replies":[{"embeddable":true,"href":"https:\/\/dremden.de\/index.php?rest_route=%2Fwp%2Fv2%2Fcomments&post=714"}],"version-history":[{"count":6,"href":"https:\/\/dremden.de\/index.php?rest_route=\/wp\/v2\/pages\/714\/revisions"}],"predecessor-version":[{"id":1733,"href":"https:\/\/dremden.de\/index.php?rest_route=\/wp\/v2\/pages\/714\/revisions\/1733"}],"wp:attachment":[{"href":"https:\/\/dremden.de\/index.php?rest_route=%2Fwp%2Fv2%2Fmedia&parent=714"}],"curies":[{"name":"wp","href":"https:\/\/api.w.org\/{rel}","templated":true}]}}